{"id":1002,"date":"2016-02-16T11:50:42","date_gmt":"2016-02-16T10:50:42","guid":{"rendered":"https:\/\/www.clearstyle.de\/en\/?page_id=1002"},"modified":"2016-02-16T11:50:42","modified_gmt":"2016-02-16T10:50:42","slug":"impressum","status":"publish","type":"page","link":"https:\/\/www.clearstyle.de\/en\/impressum\/","title":{"rendered":"Impressum"},"content":{"rendered":"<p>[vc_row][vc_column width=&#8221;1\/2&#8243;][vc_column_text]<\/p>\n<div><strong>R\u00f6ber Kunststoffe GmbH<\/strong><\/div>\n<div>Gewerbestra\u00dfe 11<\/div>\n<div>57612 Kroppach<\/div>\n<div>Germany<\/div>\n<div><\/div>\n<div>Fon +49 2688 9888-0<\/div>\n<div>Fax +49 2688 9888-109<\/div>\n<div><\/div>\n<div>Firmensitz: Kroppach<\/div>\n<div>Eingetragen: HRB 7386<\/div>\n<div>Gesch\u00e4ftsf\u00fchrer: Markus R\u00f6ber<\/div>\n<div>Erf\u00fcllungsort undGerichtsstand: Westerburg<\/div>\n<div>USt.-IdNr.: DE190532100<\/div>\n<div><\/div>\n<div><\/div>\n<p>[\/vc_column_text][\/vc_column][vc_column width=&#8221;1\/2&#8243;][vc_column_text]<\/p>\n<div>\u00a0<strong>Design und Realisierung<\/strong><\/div>\n<div><\/div>\n<p>[\/vc_column_text][vc_single_image image=&#8221;940&#8243; img_size=&#8221;medium&#8221;][vc_column_text]<\/p>\n<div>conQuisio &#8211; Agentur f\u00fcr Marketing<\/div>\n<div>R\u00f6ber &amp; Rombelsheim GbR<\/div>\n<div>Auf dem Steinchen 15<\/div>\n<div>57610 Altenkirchen<\/div>\n<div>Fon 02681\/ 7829054<\/div>\n<div><a href=\"mailto:info@conquisio.de\">info@conquisio.de<\/a><\/div>\n<div><a href=\"http:\/\/www.conquisio.de\">www.conquisio.de<\/a><\/div>\n<div><\/div>\n<div><strong>Fotonachweis:<\/strong><\/div>\n<div>Lydia Kroeker, Anna Haberkorn, Bettina R\u00f6ber<\/div>\n<div>Fotolia: <a class=\"ftl-tooltip-title\" title=\"Sehen Sie weitere Bilder von diesem Anbieter\" href=\"https:\/\/de.fotolia.com\/p\/203556050\">\u00a9 Christian Hillebrand<\/a>,\u00a0<a class=\"ftl-tooltip-title\" title=\"Sehen Sie weitere Bilder von diesem Anbieter\" href=\"https:\/\/de.fotolia.com\/p\/201297327\">\u00a9 SkyLine<\/a>,\u00a0<a class=\"ftl-tooltip-title\" title=\"Sehen Sie weitere Bilder von diesem Anbieter\" href=\"https:\/\/de.fotolia.com\/p\/81349\">\u00a9 chestra<\/a>,<\/div>\n<p>[\/vc_column_text][\/vc_column][\/vc_row]<\/p>\n","protected":false},"excerpt":{"rendered":"<p>[vc_row][vc_column width=&#8221;1\/2&#8243;][vc_column_text] R\u00f6ber Kunststoffe GmbH Gewerbestra\u00dfe 11 57612 Kroppach Germany Fon +49 2688 9888-0 Fax +49 2688 9888-109 Firmensitz: Kroppach Eingetragen: HRB 7386 Gesch\u00e4ftsf\u00fchrer: Markus R\u00f6ber Erf\u00fcllungsort undGerichtsstand: Westerburg USt.-IdNr.: DE190532100 [\/vc_column_text][\/vc_column][vc_column width=&#8221;1\/2&#8243;][vc_column_text] \u00a0Design und Realisierung [\/vc_column_text][vc_single_image image=&#8221;940&#8243; img_size=&#8221;medium&#8221;][vc_column_text] conQuisio &#8211; Agentur f\u00fcr Marketing R\u00f6ber &amp; Rombelsheim GbR Auf dem Steinchen 15 57610 Altenkirchen Fon [&hellip;]<\/p>\n","protected":false},"author":1,"featured_media":0,"parent":0,"menu_order":0,"comment_status":"closed","ping_status":"closed","template":"","meta":[],"_links":{"self":[{"href":"https:\/\/www.clearstyle.de\/en\/wp-json\/wp\/v2\/pages\/1002\/"}],"collection":[{"href":"https:\/\/www.clearstyle.de\/en\/wp-json\/wp\/v2\/pages\/"}],"about":[{"href":"https:\/\/www.clearstyle.de\/en\/wp-json\/wp\/v2\/types\/page\/"}],"author":[{"embeddable":true,"href":"https:\/\/www.clearstyle.de\/en\/wp-json\/wp\/v2\/users\/1\/"}],"replies":[{"embeddable":true,"href":"https:\/\/www.clearstyle.de\/en\/wp-json\/wp\/v2\/comments\/?post=1002"}],"version-history":[{"count":1,"href":"https:\/\/www.clearstyle.de\/en\/wp-json\/wp\/v2\/pages\/1002\/revisions\/"}],"predecessor-version":[{"id":1003,"href":"https:\/\/www.clearstyle.de\/en\/wp-json\/wp\/v2\/pages\/1002\/revisions\/1003\/"}],"wp:attachment":[{"href":"https:\/\/www.clearstyle.de\/en\/wp-json\/wp\/v2\/media\/?parent=1002"}],"curies":[{"name":"wp","href":"https:\/\/api.w.org\/{rel}","templated":true}]}}